{"id":236,"date":"2022-02-28T16:43:23","date_gmt":"2022-02-28T16:43:23","guid":{"rendered":"https:\/\/tomorrow.lv\/cookies\/"},"modified":"2024-02-06T22:12:51","modified_gmt":"2024-02-06T20:12:51","slug":"cookies","status":"publish","type":"page","link":"https:\/\/tomorrow.lv\/lv\/cookies\/","title":{"rendered":"Cookies"},"content":{"rendered":"<p>Kas ir s\u012bkdatnes?<\/p>\n<p>S\u012bkfaili ir nelieli faili, kas tiek saglab\u0101ti lietot\u0101ja dator\u0101 vai mobilaj\u0101 ier\u012bc\u0113. S\u012bkdatnes pal\u012bdz uztur\u0113t j\u016bsu apmekl\u0113t\u0101s vietnes funkcionalit\u0101ti, k\u0101 ar\u012b satur lietot\u0101jam specifisku inform\u0101ciju par cit\u0101m apmekl\u0113taj\u0101m lap\u0101m. S\u012bkdatnes lietot\u0101jam atvieglo viet\u0146u lieto\u0161anu, piem\u0113ram, saglab\u0101 j\u016bsu lietot\u0101jv\u0101rdu un paroli, lai jums tie neb\u016btu j\u0101ievada atk\u0101rtoti katru reizi, kad apmekl\u0113jat lapu. S\u012bkdatnes var izmantot ar\u012b, lai saglab\u0101tu lietot\u0101ja specifiskus datus, lai viet\u0146u \u012bpa\u0161nieki var\u0113tu ieg\u016bt inform\u0101ciju par to lietot\u0101ju interes\u0113m, kuri apmekl\u0113 vietni, un tas \u013cauj piel\u0101got lab\u0101ku saturu lab\u0101kai pieredzei.<\/p>\n<p>K\u0101 m\u0113s izmantojam s\u012bkfailus?<\/p>\n<p>r\u012bt. lv sadarbojas ar Google Analytics pakalpojumiem, apmainoties ar t\u012bmekl\u012b pieejamo mekl\u0113\u0161anu saist\u012btu inform\u0101ciju, \u0161im pakalpojumam nepiecie\u0161ama s\u012bkdat\u0146u saglab\u0101\u0161ana J\u016bsu ier\u012bc\u0113.<\/p>\n<p>S\u012bkdatnes saglab\u0101 inform\u0101ciju, ka esat apmekl\u0113jis m\u016bsu vietni, kad tas notika, atceras IP adresi, kuras vietnes da\u013cas apmekl\u0113j\u0101t. \u0160\u012b inform\u0101cija tiek nos\u016bt\u012bta uz\u0146\u0113mumam Google Inc. (\u012arija), kas to glab\u0101 Google serveros 60\u00a0dienas (Eiropas Savien\u012bb\u0101 un ASV). Pirms datu apmai\u0146as ar Google, IP adreses tiek padar\u012btas anon\u012bmas, aizst\u0101jot faktisko IP adresi ar lietot\u0101ja specifisku kodu, kas ir ori\u0123in\u0101ls katram lietot\u0101jam.<\/p>\n<p>Google no savas puses apstiprina datu apstr\u0101des noteikumus, tostarp nodo\u0161anu tre\u0161aj\u0101m person\u0101m, atbilsto\u0161i Eiropas Savien\u012bbas un ASV normat\u012bvo aktu pras\u012bb\u0101m. Taj\u0101 pa\u0161\u0101 laik\u0101 Google nodro\u0161ina, ka dati netiek izmantoti pa\u0161iem Google pakalpojumiem.<\/p>\n<p>J\u016bs varat nov\u0113rst s\u012bkfailu p\u0101rs\u016bt\u012b\u0161anu uz Google, izmantojot spraudni \u201cGoogle Analytics Opt-out Browser Add-on\u201d.<\/p>\n<p>K\u0101 kontrol\u0113t s\u012bkfailus?<\/p>\n<p>Jums ir iesp\u0113ja dz\u0113st visus s\u012bkfailus no sava datora vai ier\u012bces manu\u0101li vai izmantot iesp\u0113ju, ko nodro\u0161ina liel\u0101k\u0101 da\u013ca t\u012bmek\u013ca p\u0101rl\u016bkprogrammu, lai visp\u0101r aizliegtu s\u012bkfailu izveidi.<\/p>\n<p>Praktiski vis\u0101s t\u012bmek\u013ca p\u0101rl\u016bkprogramm\u0101s ir iesp\u0113ja:<\/p>\n<p>P\u0101rskatiet saglab\u0101tos s\u012bkfailus un izdz\u0113siet tos;<br \/>\nAizliegt s\u012bkdat\u0146u izveidi tre\u0161ajai pusei;<br \/>\nAizliegt s\u012bkfailu izveidi m\u0101rketinga vietn\u0113m;<br \/>\nAizliegt jebk\u0101du s\u012bkfailu izveidi;<br \/>\nP\u0113c t\u012bmek\u013ca p\u0101rl\u016bkprogrammas aizv\u0113r\u0161anas izdz\u0113siet visus s\u012bkfailus.<br \/>\nJ\u0101atceras, ka, dz\u0113\u0161ot visus s\u012bkfailus, tiek dz\u0113sti ar\u012b visi iestat\u012bjumi, ko esat iestat\u012bjis konkr\u0113t\u0101s vietn\u0113s. Turkl\u0101t j\u0101\u0146em v\u0113r\u0101, ka, aizliedzot s\u012bkdat\u0146u izmanto\u0161anu visp\u0101r, daudzas t\u012bmek\u013ca vietnes (ar\u012b m\u016bsu) var nedarboties pareizi un var rad\u012bt trauc\u0113jumus pakalpojumu snieg\u0161an\u0101, t\u0101p\u0113c neiesak\u0101m izmantot atteikuma iesp\u0113ju. s\u012bkdat\u0146u izveide.<\/p>\n","protected":false},"excerpt":{"rendered":"<p>Kas ir s\u012bkdatnes? S\u012bkfaili ir nelieli faili, kas tiek saglab\u0101ti lietot\u0101ja dator\u0101 vai mobilaj\u0101 ier\u012bc\u0113. S\u012bkdatnes pal\u012bdz uztur\u0113t j\u016bsu apmekl\u0113t\u0101s vietnes funkcionalit\u0101ti, k\u0101 ar\u012b satur lietot\u0101jam specifisku inform\u0101ciju par cit\u0101m apmekl\u0113taj\u0101m lap\u0101m. S\u012bkdatnes lietot\u0101jam atvieglo viet\u0146u lieto\u0161anu, piem\u0113ram, saglab\u0101 j\u016bsu lietot\u0101jv\u0101rdu un paroli, lai jums tie neb\u016btu j\u0101ievada atk\u0101rtoti katru reizi, kad apmekl\u0113jat lapu. S\u012bkdatnes&#8230;<\/p>\n","protected":false},"author":1,"featured_media":0,"parent":0,"menu_order":0,"comment_status":"closed","ping_status":"open","template":"","meta":{"_acf_changed":false,"footnotes":""},"class_list":["post-236","page","type-page","status-publish","hentry"],"acf":[],"aioseo_notices":[],"_links":{"self":[{"href":"https:\/\/tomorrow.lv\/lv\/wp-json\/wp\/v2\/pages\/236","targetHints":{"allow":["GET"]}}],"collection":[{"href":"https:\/\/tomorrow.lv\/lv\/wp-json\/wp\/v2\/pages"}],"about":[{"href":"https:\/\/tomorrow.lv\/lv\/wp-json\/wp\/v2\/types\/page"}],"author":[{"embeddable":true,"href":"https:\/\/tomorrow.lv\/lv\/wp-json\/wp\/v2\/users\/1"}],"replies":[{"embeddable":true,"href":"https:\/\/tomorrow.lv\/lv\/wp-json\/wp\/v2\/comments?post=236"}],"version-history":[{"count":2,"href":"https:\/\/tomorrow.lv\/lv\/wp-json\/wp\/v2\/pages\/236\/revisions"}],"predecessor-version":[{"id":238,"href":"https:\/\/tomorrow.lv\/lv\/wp-json\/wp\/v2\/pages\/236\/revisions\/238"}],"wp:attachment":[{"href":"https:\/\/tomorrow.lv\/lv\/wp-json\/wp\/v2\/media?parent=236"}],"curies":[{"name":"wp","href":"https:\/\/api.w.org\/{rel}","templated":true}]}}