{"id":242,"date":"2022-02-28T16:43:23","date_gmt":"2022-02-28T16:43:23","guid":{"rendered":"https:\/\/tomorrow.lv\/privacy-policy\/"},"modified":"2024-02-06T22:24:49","modified_gmt":"2024-02-06T20:24:49","slug":"privacy-policy","status":"publish","type":"page","link":"https:\/\/tomorrow.lv\/lv\/privacy-policy\/","title":{"rendered":"Privacy Policy"},"content":{"rendered":"<p>Saska\u0146\u0101 ar Eiropas Parlamenta un Padomes Regulu 2016\/679 uz\u0146\u0113mums\u00a0<em><strong>tomorrow.lv (E-pasts: info@tomorrow.lv T\u0101lr.: +371 26585106)<\/strong><\/em> sa\u0146em, glab\u0101 un apstr\u0101d\u0101 manus sniegtos personas datus\u00a0<em><strong>(E -pasts, v\u0101rds, uzv\u0101rds un t\u0101lru\u0146a numurs)<\/strong><\/em>, lai nodro\u0161in\u0101tu <em><strong>sazi\u0146u, nodro\u0161in\u0101tu piln\u012bg\u0101ku saturu un atbilsto\u0161\u0101kas rekl\u0101mas<\/strong><\/em>. Piekr\u012btot datu apstr\u0101dei, esmu inform\u0113ts, ka mani dati netiks nodoti citiem ES uz\u0146\u0113mumiem, tre\u0161\u0101s pasaules uz\u0146\u0113mumiem, k\u0101 ar\u012b starptautisk\u0101m organiz\u0101cij\u0101m. Es apzinos savas ties\u012bbas attiec\u012bb\u0101 uz manu personas datu dz\u0113\u0161anu, labo\u0161anu un ierobe\u017eo\u0161anu (vair\u0101k inform\u0101cijas:\u00a0<a href=\"http:\/\/eur-lex.europa.eu\/legal-content\/EN\/TXT\/?uri=uriserv:OJ.L_.2016.119.01.0001.01.ENG\" target=\"_blank\" rel=\"noopener\">http:\/\/eur-lex.europa.eu\/legal-content\/EN\/TXT\/?uri=uriserv:OJ. L_.2016.119.01.0001.01.LAT<\/a>\u00a0)<\/p>\n","protected":false},"excerpt":{"rendered":"<p>Saska\u0146\u0101 ar Eiropas Parlamenta un Padomes Regulu 2016\/679 uz\u0146\u0113mums\u00a0tomorrow.lv (E-pasts: info@tomorrow.lv T\u0101lr.: +371 26585106) sa\u0146em, glab\u0101 un apstr\u0101d\u0101 manus sniegtos personas datus\u00a0(E -pasts, v\u0101rds, uzv\u0101rds un t\u0101lru\u0146a numurs), lai nodro\u0161in\u0101tu sazi\u0146u, nodro\u0161in\u0101tu piln\u012bg\u0101ku saturu un atbilsto\u0161\u0101kas rekl\u0101mas. Piekr\u012btot datu apstr\u0101dei, esmu inform\u0113ts, ka mani dati netiks nodoti citiem ES uz\u0146\u0113mumiem, tre\u0161\u0101s pasaules uz\u0146\u0113mumiem, k\u0101 ar\u012b&#8230;<\/p>\n","protected":false},"author":1,"featured_media":0,"parent":0,"menu_order":0,"comment_status":"closed","ping_status":"open","template":"","meta":{"_acf_changed":false,"footnotes":""},"class_list":["post-242","page","type-page","status-publish","hentry"],"acf":[],"aioseo_notices":[],"_links":{"self":[{"href":"https:\/\/tomorrow.lv\/lv\/wp-json\/wp\/v2\/pages\/242","targetHints":{"allow":["GET"]}}],"collection":[{"href":"https:\/\/tomorrow.lv\/lv\/wp-json\/wp\/v2\/pages"}],"about":[{"href":"https:\/\/tomorrow.lv\/lv\/wp-json\/wp\/v2\/types\/page"}],"author":[{"embeddable":true,"href":"https:\/\/tomorrow.lv\/lv\/wp-json\/wp\/v2\/users\/1"}],"replies":[{"embeddable":true,"href":"https:\/\/tomorrow.lv\/lv\/wp-json\/wp\/v2\/comments?post=242"}],"version-history":[{"count":2,"href":"https:\/\/tomorrow.lv\/lv\/wp-json\/wp\/v2\/pages\/242\/revisions"}],"predecessor-version":[{"id":244,"href":"https:\/\/tomorrow.lv\/lv\/wp-json\/wp\/v2\/pages\/242\/revisions\/244"}],"wp:attachment":[{"href":"https:\/\/tomorrow.lv\/lv\/wp-json\/wp\/v2\/media?parent=242"}],"curies":[{"name":"wp","href":"https:\/\/api.w.org\/{rel}","templated":true}]}}